{"id":10122,"date":"2025-08-24T15:29:23","date_gmt":"2025-08-24T13:29:23","guid":{"rendered":"https:\/\/lavendersranch.com\/?post_type=product&#038;p=10122"},"modified":"2026-02-02T09:54:45","modified_gmt":"2026-02-02T08:54:45","slug":"original-cap-burgundy","status":"publish","type":"product","link":"https:\/\/lavendersranch.com\/de\/produkt\/original-cap-burgundy\/","title":{"rendered":"ORIGINAL Cap &#8211; Burgundy"},"content":{"rendered":"<h3>Eine Cap f\u00fcr alle Gelegenheiten<\/h3>\n<p>&nbsp;<\/p>\n<p>Die ORIGINAL Cap von LavendersRanch verbindet <strong>zeitloses Design mit praktischem Komfort<\/strong> &#8211; perfekt f\u00fcr alle, die ihren Western-Spirit im Alltag zur Schau stellen wollen. Die Kappe aus <strong>100% atmungsaktiver Baumwolle<\/strong> sch\u00fctzt dich vor den Sonnenstrahlen, egal ob du auf der Ranch, bei einem Country-Festival oder einfach drau\u00dfen in der Natur bist. Das <strong>verstellbare One-Size-Fits-All-Modell<\/strong> sorgt f\u00fcr einen sicheren, bequemen Sitz, der an deine individuellen Bed\u00fcrfnisse angepasst werden kann. Das geschmackvoll <strong>aufgestickte LR-Logo in Desert Beige <\/strong>macht die Kappe zu einem authentischen Accessoire, das \u00fcberall f\u00fcr Aufsehen sorgt.<\/p>\n<p>Robust, leicht und vielseitig &#8211; diese Cap ist Dein zuverl\u00e4ssiger Begleiter f\u00fcr jede Gelegenheit.<\/p>\n<p>Die <strong>ORIGINAL Cap in Burgundy<\/strong> hat ein einzigartiges, wildleder\u00e4hnliches Finish. Der Stoff ist sanft geb\u00fcrstet und f\u00fchlt sich dadurch luxuri\u00f6s und samtig an, ohne dass die Integrit\u00e4t des Stoffes beeintr\u00e4chtigt wird. <\/p>\n<p>Bist Du auf der Suche nach einem auff\u00e4lligen, <strong>nachhaltigen Accessoire<\/strong>, das Deinen Western Spirit stilvoll unterstreicht? Dann ist die <strong>ORIGINAL Cap<\/strong> genau das Richtige f\u00fcr Dich. Sie ist aus <strong>hochwertiger Baumwolle<\/strong> gefertigt, hat eine verstellbare Passform und ein authentisches Westerndesign. Kombiniere sie mit unseren <a href=\"https:\/\/lavendersranch.com\/de\/produkt\/original-socks-khaki\/\"><strong>ORIGINAL Socks<\/strong><\/a> um Deinen Western-Look von Kopf bis Fu\u00df zu vervollst\u00e4ndigen.  <\/p>\n<p>Bestelle jetzt und runde Deinen Look ab &#8211; egal ob Du ein erfahrener Entdecker oder ein l\u00e4ssiger Country-Fan bist, diese Kappe ist ein zuverl\u00e4ssiges und stilvolles Accessoire, zu dem Du immer wieder greifen wirst!<\/p>\n<p>Wenn Du eine zeitlose Alternative suchst, schau Dir unsere <a href=\"https:\/\/lavendersranch.com\/de\/produkt\/original-cap-desert\/\"><strong>ORIGINAL Cap in Desert<\/strong><\/a> an.<\/p>\n","protected":false},"excerpt":{"rendered":"<p><span style=\"font-weight: 400;\">Klassisches Design trifft auf Alltagsabenteuer.<\/span><\/p>\n<p><strong>Highlights:<\/strong><\/p>\n<ul>\n<li style=\"font-weight: 400;\" aria-level=\"1\"><span style=\"font-weight: 400;\"><strong>100% hochwertige Baumwolle<\/strong> &#8211; Atmungsaktiv, leicht und f\u00fcr sonnenreiche Tage gemacht<\/span><\/li>\n<li style=\"font-weight: 400;\" aria-level=\"1\"><span style=\"font-weight: 400;\"><strong>Strapazierf\u00e4higes Design<\/strong> &#8211; Gemacht f\u00fcr den Einsatz im Freien, von Wanderwegen bis zu Festivals<\/span><\/li>\n<li style=\"font-weight: 400;\" aria-level=\"1\"><span style=\"font-weight: 400;\"><strong>Charakteristisches gesticktes Logo<\/strong> &#8211; Authentische, vom Western inspirierte Details, die auffallen<\/span><\/li>\n<li style=\"font-weight: 400;\" aria-level=\"1\"><span style=\"font-weight: 400;\"><strong>One-Size-Fits-All<\/strong> &#8211; Verstellbarer Schnallenriemen f\u00fcr einen perfekten, sicheren Sitz<\/span><\/li>\n<li style=\"font-weight: 400;\" aria-level=\"1\"><strong>Weiche, wildleder\u00e4hnliche Haptik <\/strong>&#8211; Geb\u00fcrsteter Stoff f\u00fcr ein luxuri\u00f6ses, samtiges Gef\u00fchl ohne Kompromiss<\/li>\n<li style=\"font-weight: 400;\" aria-level=\"1\"><span style=\"font-weight: 400;\"><strong>Ganzt\u00e4giger Komfort<\/strong> &#8211; Weiches und gem\u00fctliches Tragegef\u00fchl<\/span><\/li>\n<\/ul>\n<p>&nbsp;<\/p>\n<p><span style=\"font-weight: 400;\">Ein unverzichtbares Accessoire f\u00fcr Country-Liebhaber und Outdoor-Fans gleicherma\u00dfen.<\/span><\/p>\n","protected":false},"featured_media":11597,"template":"","meta":{"_et_pb_use_builder":"","_et_pb_old_content":"","_et_gb_content_width":""},"product_brand":[],"product_cat":[159],"product_tag":[],"class_list":{"0":"post-10122","1":"product","2":"type-product","3":"status-publish","4":"has-post-thumbnail","6":"product_cat-caps-de-2","7":"product_shipping_class-dhl-paket-standard-unter-2kg","9":"first","10":"instock","11":"taxable","12":"shipping-taxable","13":"purchasable","14":"product-type-simple"},"_links":{"self":[{"href":"https:\/\/lavendersranch.com\/de\/wp-json\/wp\/v2\/product\/10122","targetHints":{"allow":["GET"]}}],"collection":[{"href":"https:\/\/lavendersranch.com\/de\/wp-json\/wp\/v2\/product"}],"about":[{"href":"https:\/\/lavendersranch.com\/de\/wp-json\/wp\/v2\/types\/product"}],"wp:featuredmedia":[{"embeddable":true,"href":"https:\/\/lavendersranch.com\/de\/wp-json\/wp\/v2\/media\/11597"}],"wp:attachment":[{"href":"https:\/\/lavendersranch.com\/de\/wp-json\/wp\/v2\/media?parent=10122"}],"wp:term":[{"taxonomy":"product_brand","embeddable":true,"href":"https:\/\/lavendersranch.com\/de\/wp-json\/wp\/v2\/product_brand?post=10122"},{"taxonomy":"product_cat","embeddable":true,"href":"https:\/\/lavendersranch.com\/de\/wp-json\/wp\/v2\/product_cat?post=10122"},{"taxonomy":"product_tag","embeddable":true,"href":"https:\/\/lavendersranch.com\/de\/wp-json\/wp\/v2\/product_tag?post=10122"}],"curies":[{"name":"wp","href":"https:\/\/api.w.org\/{rel}","templated":true}]}}