{"id":10211,"date":"2025-08-25T17:34:52","date_gmt":"2025-08-25T15:34:52","guid":{"rendered":"https:\/\/lavendersranch.com\/?post_type=product&#038;p=10211"},"modified":"2026-01-07T19:43:36","modified_gmt":"2026-01-07T18:43:36","slug":"lone-ranger-hoodie-burgundy","status":"publish","type":"product","link":"https:\/\/lavendersranch.com\/de\/produkt\/lone-ranger-hoodie-burgundy\/","title":{"rendered":"LONE RANGER Hoodie &#8211; Burgundy"},"content":{"rendered":"<h3 data-start=\"220\" data-end=\"584\">Der Hoodie, der den Spirit of the West verk\u00f6rpert<\/h3>\n<p data-start=\"220\" data-end=\"584\">Ein mutiges Statement mit echtem Western Spirit. Der LONE RANGER Hoodie in sattem Burgunderrot kombiniert erstklassigen Komfort mit einem auff\u00e4lligen Design, das die Essenz von Freiheit und Abenteuer einf\u00e4ngt. Er ist aus <strong data-start=\"422\" data-end=\"463\">100% gek\u00e4mmter, ringgesponnener Bio-Baumwolle<\/strong> mit einer weichen, geb\u00fcrsteten Innenseite gefertigt und bietet das ultimative Gef\u00fchl von Gem\u00fctlichkeit f\u00fcr den Alltag, Outdoor-Momente oder Country-Events.  <\/p>\n<p data-start=\"586\" data-end=\"994\">Das Highlight: ein <strong data-start=\"603\" data-end=\"641\">hochwertiger, 8-lagiger Siebdruck<\/strong> mit dem LONE RANGER-Design auf der Brust. Die kr\u00e4ftigen, leuchtenden Farben spiegeln die T\u00f6ne unserer anderen Kleidungsst\u00fccke wider und machen diesen Hoodie zur perfekten Erg\u00e4nzung f\u00fcr Deine Western-inspirierte Garderobe. Subtile Details vervollst\u00e4ndigen den Look &#8211; vom <strong data-start=\"864\" data-end=\"922\">gestickten LR-Logo auf dem \u00c4rmel in passendem Burgund<\/strong> bis zu den robusten Kordelz\u00fcgen mit Metallspitzen und der funktionellen K\u00e4ngurutasche.<\/p>\n<p data-start=\"996\" data-end=\"1264\">Mit seiner <strong data-start=\"1005\" data-end=\"1033\">modernen, mittelgro\u00dfen Unisex-Passform<\/strong> bietet dieser Hoodie eine schmeichelhafte und dennoch entspannte Silhouette f\u00fcr alle, die sowohl Komfort als auch Stil sch\u00e4tzen. <strong data-start=\"1146\" data-end=\"1179\">GOTS-zertifiziert, vegan und frei von Tierversuchen. S<\/strong>tellt sicher, dass Du eine bewusste Wahl triffst, ohne Kompromisse bei der Authentizit\u00e4t einzugehen.<\/p>\n<p data-start=\"996\" data-end=\"1264\">Mach Dir den Western Spirit zu eigen &#8211; shoppe jetzt den LONE RANGER Hoodie!<\/p>\n","protected":false},"excerpt":{"rendered":"<h2 data-start=\"1467\" data-end=\"1486\"><\/h2>\n<p>&nbsp;<\/p>\n<p data-start=\"1266\" data-end=\"1288\"><strong data-start=\"1270\" data-end=\"1286\">Highlights:<\/strong><\/p>\n<ul data-start=\"1289\" data-end=\"1829\">\n<li data-start=\"1289\" data-end=\"1366\">\n<p data-start=\"1291\" data-end=\"1366\"><strong data-start=\"1291\" data-end=\"1322\">Premium 100% Bio-Baumwolle<\/strong> &#8211; Weiche, geb\u00fcrstete Innenseite f\u00fcr kuscheligen Komfort<\/p>\n<\/li>\n<li data-start=\"1367\" data-end=\"1456\">\n<p data-start=\"1369\" data-end=\"1456\"><strong data-start=\"1369\" data-end=\"1405\">Auff\u00e4lliger LONE RANGER-Brustdruck<\/strong> &#8211; Detaillierter 8-lagiger Siebdruck mit kr\u00e4ftigen Farben<\/p>\n<\/li>\n<li data-start=\"1457\" data-end=\"1543\">\n<p data-start=\"1459\" data-end=\"1543\"><strong data-start=\"1459\" data-end=\"1496\">Gesticktes Logo auf dem \u00c4rmel<\/strong> &#8211; Dezentes Branding in farblich passendem Burgunderrot<\/p>\n<\/li>\n<li data-start=\"1544\" data-end=\"1615\">\n<p data-start=\"1546\" data-end=\"1615\"><strong data-start=\"1546\" data-end=\"1574\">Modern Unisex Medium Fit<\/strong> &#8211; Bequem und stilvoll f\u00fcr jeden<\/p>\n<\/li>\n<li data-start=\"1758\" data-end=\"1829\">\n<p data-start=\"1760\" data-end=\"1829\"><strong data-start=\"1760\" data-end=\"1785\">Nachhaltig &amp; ethisch<\/strong> &#8211; GOTS-zertifiziert, vegan und frei von Tierqu\u00e4lerei<\/p>\n<\/li>\n<\/ul>\n<p data-start=\"1921\" data-end=\"1970\">Sei mutig. Lebe frei. Trage den LONE RANGER.  <\/p>\n","protected":false},"featured_media":11566,"template":"","meta":{"_et_pb_use_builder":"","_et_pb_old_content":"","_et_gb_content_width":""},"product_brand":[],"product_cat":[161,290,294,321],"product_tag":[],"class_list":{"0":"post-10211","1":"product","2":"type-product","3":"status-publish","4":"has-post-thumbnail","6":"product_cat-hoodies-sweatshirts","7":"product_cat-hoodies-aus-bio-baumwolle","8":"product_cat-bekleidung-aus-bio-baumwolle","9":"product_cat-fair-fashion","10":"product_shipping_class-dhl-paket-standard-unter-2kg","12":"first","13":"instock","14":"taxable","15":"shipping-taxable","16":"purchasable","17":"product-type-variable"},"_links":{"self":[{"href":"https:\/\/lavendersranch.com\/de\/wp-json\/wp\/v2\/product\/10211","targetHints":{"allow":["GET"]}}],"collection":[{"href":"https:\/\/lavendersranch.com\/de\/wp-json\/wp\/v2\/product"}],"about":[{"href":"https:\/\/lavendersranch.com\/de\/wp-json\/wp\/v2\/types\/product"}],"wp:featuredmedia":[{"embeddable":true,"href":"https:\/\/lavendersranch.com\/de\/wp-json\/wp\/v2\/media\/11566"}],"wp:attachment":[{"href":"https:\/\/lavendersranch.com\/de\/wp-json\/wp\/v2\/media?parent=10211"}],"wp:term":[{"taxonomy":"product_brand","embeddable":true,"href":"https:\/\/lavendersranch.com\/de\/wp-json\/wp\/v2\/product_brand?post=10211"},{"taxonomy":"product_cat","embeddable":true,"href":"https:\/\/lavendersranch.com\/de\/wp-json\/wp\/v2\/product_cat?post=10211"},{"taxonomy":"product_tag","embeddable":true,"href":"https:\/\/lavendersranch.com\/de\/wp-json\/wp\/v2\/product_tag?post=10211"}],"curies":[{"name":"wp","href":"https:\/\/api.w.org\/{rel}","templated":true}]}}