{"id":10497,"date":"2025-08-30T15:28:53","date_gmt":"2025-08-30T13:28:53","guid":{"rendered":"https:\/\/lavendersranch.com\/?post_type=product&#038;p=10497"},"modified":"2026-04-07T22:39:53","modified_gmt":"2026-04-07T20:39:53","slug":"lone-ranger-damen-jeanshemd-denim","status":"publish","type":"product","link":"https:\/\/lavendersranch.com\/de\/produkt\/lone-ranger-damen-jeanshemd-denim\/","title":{"rendered":"LONE RANGER Damen Jeanshemd &#8211; Denim"},"content":{"rendered":"<h3 data-start=\"999\" data-end=\"1041\">Ein Western-Klassiker, neu definiert f\u00fcr Frauen<\/h3>\n<p data-start=\"1043\" data-end=\"1305\">Das <strong data-start=\"1047\" data-end=\"1090\">LONE RANGER Women&#8217;s Denim Shirt in Denim<\/strong> kombiniert eine <strong data-start=\"1102\" data-end=\"1118\">feminine Passform<\/strong> mit k\u00fchnem Westerndesign. Es ist aus demselben <strong data-start=\"1164\" data-end=\"1208\">robusten, indigo-gef\u00e4rbten Bio-Baumwoll-Denim<\/strong> gefertigt wie unsere <a href=\"https:\/\/lavendersranch.com\/de\/produkt\/lone-ranger-jeanshemd-denim\/\">Unisex-Version<\/a> und bietet Langlebigkeit, Komfort und einen nachhaltigen Ansatz f\u00fcr modernen Denim. <\/p>\n<p data-start=\"1307\" data-end=\"1575\">Dieses Shirt in <strong data-start=\"1321\" data-end=\"1344\">normaler Passform f\u00fcr Frauen<\/strong> sorgt f\u00fcr eine schmeichelhafte Figur und ist gleichzeitig locker und leicht zu tragen. Es l\u00e4sst sich m\u00fchelos als Einzelst\u00fcck oder \u00fcber einem T-Shirt oder Tank-Top tragen &#8211; und an k\u00fchleren Tagen kann es sogar als leichte Jacke getragen werden. <\/p>\n<p data-start=\"1577\" data-end=\"1899\">Ein <strong data-start=\"1630\" data-end=\"1677\">rotes LR-Logo auf dem rechten \u00c4rmel<\/strong>, ein <strong data-start=\"1681\" data-end=\"1738\">l\u00e4ssiges Kaktus- und Sternenmotiv auf dem Herzen<\/strong>, das mit einer <strong data-start=\"1756\" data-end=\"1779\">speziellen Silberfolie<\/strong> veredelt wurde, die einen dezenten Schimmer verleiht, und ein <strong data-start=\"1814\" data-end=\"1864\">LONE RANGER-Aufdruck auf dem oberen R\u00fccken<\/strong> f\u00fcr ein selbstbewusstes Western-Statement &#8211; das sind die unverwechselbaren Details, die diesem St\u00fcck seinen Charakter verleihen.<\/p>\n<p data-start=\"1901\" data-end=\"2184\">Wenn Du Dich zum authentischen Westernstil hingezogen f\u00fchlst, aber eine Passform speziell f\u00fcr Frauen bevorzugst, ist dieses Jeanshemd genau das Richtige f\u00fcr Dich. Und wenn Du auf der Suche nach einem oversized Unisex-Fit bist, bietet das <a href=\"https:\/\/lavendersranch.com\/de\/produkt\/lone-ranger-jeanshemd-denim\/\"><strong data-start=\"2095\" data-end=\"2130\">LONE RANGER Denim Shirt &#8211; Denim<\/strong><\/a> den gleichen Stil und Qualit\u00e4t in einem lockereren Schnitt. <\/p>\n<p data-start=\"2186\" data-end=\"2315\">Das <strong data-start=\"2228\" data-end=\"2271\">LONE RANGER Women&#8217;s Denim Shirt in Denim<\/strong> ist ein zeitloses Kleidungsst\u00fcck mit Herz und Seele, das Saison f\u00fcr Saison getragen werden kann.<\/p>\n","protected":false},"excerpt":{"rendered":"<p data-start=\"218\" data-end=\"277\">Dunkler Denim mit femininer Passform und Western-Flair.<\/p>\n<p data-start=\"279\" data-end=\"296\"><strong>Highlights:<\/strong><\/p>\n<ul data-start=\"297\" data-end=\"971\">\n<li data-start=\"297\" data-end=\"380\">\n<p data-start=\"299\" data-end=\"380\"><strong data-start=\"299\" data-end=\"339\">Damen-Jeanshemd mit regul\u00e4rer Passform<\/strong> &#8211; f\u00fcr eine schmeichelhafte Silhouette geschnitten<\/p>\n<\/li>\n<li data-start=\"464\" data-end=\"540\">\n<p data-start=\"466\" data-end=\"540\"><strong data-start=\"466\" data-end=\"495\">100% Bio-Baumwolle<\/strong> &#8211; langlebig, atmungsaktiv und nachhaltig hergestellt<\/p>\n<\/li>\n<li data-start=\"541\" data-end=\"596\">\n<p data-start=\"543\" data-end=\"596\"><strong data-start=\"543\" data-end=\"563\">Dunkle Indigo-Waschung<\/strong> &#8211; klassischer, zeitloser Denim-Look<\/p>\n<\/li>\n<li data-start=\"597\" data-end=\"671\">\n<p data-start=\"599\" data-end=\"671\"><strong data-start=\"599\" data-end=\"623\">Signaturstickerei<\/strong> &#8211; LR Logo auf dem rechten \u00c4rmel in Rot<\/p>\n<\/li>\n<li data-start=\"672\" data-end=\"777\">\n<p data-start=\"674\" data-end=\"777\"><strong data-start=\"674\" data-end=\"699\">Design im Western-Stil<\/strong> &#8211; Kaktus- und Sterndesign \u00fcber dem Herz mit schimmernder Silberfolie gedruckt<\/p>\n<\/li>\n<li data-start=\"778\" data-end=\"858\">\n<p data-start=\"780\" data-end=\"858\"><strong data-start=\"780\" data-end=\"806\">LONE RANGER R\u00fcckenprint<\/strong> &#8211; platziert auf dem oberen R\u00fccken f\u00fcr ein starkes Statement<\/p>\n<\/li>\n<\/ul>\n","protected":false},"featured_media":13978,"template":"","meta":{"_et_pb_use_builder":"off","_et_pb_old_content":"Mach Dich bereit, Deinen Western-Stolz mit dem <strong>Powered By Country T-Shirt<\/strong> zu zeigen!\n\nDieses T-Shirt besteht aus 100 % gek\u00e4mmter, ringgesponnener <strong>Bio-Baumwolle<\/strong> und ist nicht nur superweich und bequem, sondern auch <strong>umweltfreundlich<\/strong>.\n\nAlle unsere T-Shirts sind GOTS-zertifiziert, vegan und tierversuchsfrei, sodass Du zu dem stehen kannst, was Du tr\u00e4gst!\n\nDieses T-Shirt mit <strong>normaler Unisex-Passform<\/strong> ist perfekt f\u00fcr alle, die \"Country\" als Lebenseinstellung betrachten.\n\nEgal, ob Du ein Fan des Western-Lifestyles, von Outdoor-Abenteuern oder aller amerikanischen Dinge bist, dieses T-Shirt ist die perfekte Erg\u00e4nzung Deiner Garderobe.\n\nErh\u00e4ltlich in den <strong>Farben Lavendel oder Khaki<\/strong> mit unseren charakteristisch <strong>bestickten Details<\/strong>.\n\n<strong>Erlebe den \"Country Lifestyle\" mit dem Powered By Country T-Shirt!<\/strong>","_et_gb_content_width":""},"product_brand":[],"product_cat":[148,291,294,321],"product_tag":[],"class_list":{"0":"post-10497","1":"product","2":"type-product","3":"status-publish","4":"has-post-thumbnail","6":"product_cat-shirts-de","7":"product_cat-hemden-aus-bio-baumwolle","8":"product_cat-bekleidung-aus-bio-baumwolle","9":"product_cat-fair-fashion","10":"product_shipping_class-dhl-paket-standard-unter-2kg","12":"first","13":"instock","14":"taxable","15":"shipping-taxable","16":"purchasable","17":"product-type-variable"},"_links":{"self":[{"href":"https:\/\/lavendersranch.com\/de\/wp-json\/wp\/v2\/product\/10497","targetHints":{"allow":["GET"]}}],"collection":[{"href":"https:\/\/lavendersranch.com\/de\/wp-json\/wp\/v2\/product"}],"about":[{"href":"https:\/\/lavendersranch.com\/de\/wp-json\/wp\/v2\/types\/product"}],"wp:featuredmedia":[{"embeddable":true,"href":"https:\/\/lavendersranch.com\/de\/wp-json\/wp\/v2\/media\/13978"}],"wp:attachment":[{"href":"https:\/\/lavendersranch.com\/de\/wp-json\/wp\/v2\/media?parent=10497"}],"wp:term":[{"taxonomy":"product_brand","embeddable":true,"href":"https:\/\/lavendersranch.com\/de\/wp-json\/wp\/v2\/product_brand?post=10497"},{"taxonomy":"product_cat","embeddable":true,"href":"https:\/\/lavendersranch.com\/de\/wp-json\/wp\/v2\/product_cat?post=10497"},{"taxonomy":"product_tag","embeddable":true,"href":"https:\/\/lavendersranch.com\/de\/wp-json\/wp\/v2\/product_tag?post=10497"}],"curies":[{"name":"wp","href":"https:\/\/api.w.org\/{rel}","templated":true}]}}