{"id":10516,"date":"2025-08-30T15:33:54","date_gmt":"2025-08-30T13:33:54","guid":{"rendered":"https:\/\/lavendersranch.com\/?post_type=product&#038;p=10516"},"modified":"2026-04-07T22:34:48","modified_gmt":"2026-04-07T20:34:48","slug":"freebird-damen-jeanshemd-light-denim","status":"publish","type":"product","link":"https:\/\/lavendersranch.com\/de\/produkt\/freebird-damen-jeanshemd-light-denim\/","title":{"rendered":"FREEBIRD Damen Jeanshemd &#8211; Light Denim"},"content":{"rendered":"<h3 data-start=\"987\" data-end=\"1023\">Ein Denim-Essential f\u00fcr Frauen<\/h3>\n<p data-start=\"1025\" data-end=\"1290\">Das <strong data-start=\"1029\" data-end=\"1075\">FREEBIRD Women&#8217;s Denim Shirt in Light Denim<\/strong> ist ein zeitloses Kleidungsst\u00fcck, das <strong data-start=\"1129\" data-end=\"1166\">Stil, Komfort und Nachhaltigkeit<\/strong> perfekt miteinander verbindet. Die <strong data-start=\"1182\" data-end=\"1205\">normale Passform f\u00fcr Frauen<\/strong> sorgt f\u00fcr eine schmeichelhafte Silhouette und ist gleichzeitig entspannt genug f\u00fcr den Alltag. <\/p>\n<p data-start=\"1292\" data-end=\"1554\">Dieses Shirt aus <strong data-start=\"1305\" data-end=\"1349\">robuster, indigo-gef\u00e4rbter Bio-Baumwolle<\/strong> ist langlebig und l\u00e4sst sich vielseitig stylen. Du kannst es allein, \u00fcber einem T-Shirt oder Tank-Top oder als leichte Jacke tragen &#8211; das macht es zu einem echten Lieblingsteil f\u00fcr die \u00dcbergangszeit. <\/p>\n<p data-start=\"1556\" data-end=\"1899\">Durchdachte Designdetails verleihen diesem Jeanshemd seine einzigartige FREEBIRD-Identit\u00e4t: eine Desert B<strong data-start=\"1636\" data-end=\"1686\">eige LR-Stickerei auf dem rechten \u00c4rmel<\/strong>, ein <strong data-start=\"1690\" data-end=\"1736\">kleiner FREEBIRD-Aufdruck \u00fcber dem Herzen<\/strong> und ein <strong data-start=\"1744\" data-end=\"1802\">wundersch\u00f6nes aztekisch inspiriertes Design auf dem oberen R\u00fccken<\/strong>, das in <strong data-start=\"1815\" data-end=\"1859\">Aloe- und Rosewoodt\u00f6nen gedruckt ist, und einem Sonnenmotiv<\/strong>, das W\u00e4rme und Westerncharakter verleiht.<\/p>\n<p data-start=\"1901\" data-end=\"2068\">Wenn Du auf der Suche nach einem <strong data-start=\"1923\" data-end=\"1981\">nachhaltigen Jeanshemd mit authentischem Western-Flair<\/strong> bist, ist dieses Hemd wie f\u00fcr dich gemacht &#8211; vom Alltag bis zu ereignisvollen Reisen.<\/p>\n<p data-start=\"2070\" data-end=\"2174\">Das <strong data-start=\"2074\" data-end=\"2120\">FREEBIRD Women&#8217;s Denim Shirt in Light Denim<\/strong> ist daf\u00fcr gemacht, Saison f\u00fcr Saison auf Deine Art getragen zu werden.<\/p>\n<p data-start=\"2070\" data-end=\"2174\">F\u00fcr eine oversized Unisex-Passform schau dir unser <a href=\"https:\/\/lavendersranch.com\/de\/produkt\/freebird-jeanshemd-light-denim\/\">FREEBIRD Denim Shirt &#8211; Light Denim<\/a> an.<\/p>\n","protected":false},"excerpt":{"rendered":"<p data-start=\"238\" data-end=\"294\">Ein zeitloses Jeanshemd mit femininem Western-Spirit.<\/p>\n<p data-start=\"296\" data-end=\"313\"><strong>Highlights:<\/strong><\/p>\n<ul data-start=\"314\" data-end=\"959\">\n<li data-start=\"314\" data-end=\"402\">\n<p data-start=\"316\" data-end=\"402\"><strong data-start=\"316\" data-end=\"356\">Damen Denim Shirt mit regul\u00e4rer Passform<\/strong> &#8211; schmeichelhaft, bequem und einfach zu stylen<\/p>\n<\/li>\n<li data-start=\"473\" data-end=\"549\">\n<p data-start=\"475\" data-end=\"549\"><strong data-start=\"475\" data-end=\"504\">100% Bio-Baumwolle<\/strong> &#8211; langlebig, atmungsaktiv und nachhaltig hergestellt<\/p>\n<\/li>\n<li data-start=\"550\" data-end=\"618\">\n<p data-start=\"552\" data-end=\"618\"><strong data-start=\"552\" data-end=\"573\">Helle Indigo-Waschung<\/strong> &#8211; sanftes, frisches Denim-Blau f\u00fcr den Alltag<\/p>\n<\/li>\n<li data-start=\"675\" data-end=\"758\">\n<p data-start=\"677\" data-end=\"758\"><strong data-start=\"677\" data-end=\"701\">Signaturstickerei<\/strong> &#8211; LR Logo auf dem rechten \u00c4rmel in Desert Beige<\/p>\n<\/li>\n<li data-start=\"759\" data-end=\"832\">\n<p data-start=\"761\" data-end=\"832\"><strong data-start=\"761\" data-end=\"785\">FREEBIRD Brustaufdruck<\/strong> &#8211; kleines, dezentes Design \u00fcber dem Herzen platziert<\/p>\n<\/li>\n<li data-start=\"833\" data-end=\"932\">\n<p data-start=\"835\" data-end=\"932\"><strong data-start=\"835\" data-end=\"857\">Aztekisches R\u00fcckenmotiv<\/strong> &#8211; gedruckt auf dem oberen R\u00fccken in Aloe- und Rosewoodt\u00f6nen mit einem Sonnendetail<\/p>\n<\/li>\n<\/ul>\n","protected":false},"featured_media":13696,"template":"","meta":{"_et_pb_use_builder":"off","_et_pb_old_content":"Mach Dich bereit, Deinen Western-Stolz mit dem <strong>Powered By Country T-Shirt<\/strong> zu zeigen!\n\nDieses T-Shirt besteht aus 100 % gek\u00e4mmter, ringgesponnener <strong>Bio-Baumwolle<\/strong> und ist nicht nur superweich und bequem, sondern auch <strong>umweltfreundlich<\/strong>.\n\nAlle unsere T-Shirts sind GOTS-zertifiziert, vegan und tierversuchsfrei, sodass Du zu dem stehen kannst, was Du tr\u00e4gst!\n\nDieses T-Shirt mit <strong>normaler Unisex-Passform<\/strong> ist perfekt f\u00fcr alle, die \"Country\" als Lebenseinstellung betrachten.\n\nEgal, ob Du ein Fan des Western-Lifestyles, von Outdoor-Abenteuern oder aller amerikanischen Dinge bist, dieses T-Shirt ist die perfekte Erg\u00e4nzung Deiner Garderobe.\n\nErh\u00e4ltlich in den <strong>Farben Lavendel oder Khaki<\/strong> mit unseren charakteristisch <strong>bestickten Details<\/strong>.\n\n<strong>Erlebe den \"Country Lifestyle\" mit dem Powered By Country T-Shirt!<\/strong>","_et_gb_content_width":""},"product_brand":[],"product_cat":[148,291,294,321],"product_tag":[],"class_list":{"0":"post-10516","1":"product","2":"type-product","3":"status-publish","4":"has-post-thumbnail","6":"product_cat-shirts-de","7":"product_cat-hemden-aus-bio-baumwolle","8":"product_cat-bekleidung-aus-bio-baumwolle","9":"product_cat-fair-fashion","10":"product_shipping_class-dhl-paket-standard-unter-2kg","12":"first","13":"instock","14":"taxable","15":"shipping-taxable","16":"purchasable","17":"product-type-variable"},"_links":{"self":[{"href":"https:\/\/lavendersranch.com\/de\/wp-json\/wp\/v2\/product\/10516","targetHints":{"allow":["GET"]}}],"collection":[{"href":"https:\/\/lavendersranch.com\/de\/wp-json\/wp\/v2\/product"}],"about":[{"href":"https:\/\/lavendersranch.com\/de\/wp-json\/wp\/v2\/types\/product"}],"wp:featuredmedia":[{"embeddable":true,"href":"https:\/\/lavendersranch.com\/de\/wp-json\/wp\/v2\/media\/13696"}],"wp:attachment":[{"href":"https:\/\/lavendersranch.com\/de\/wp-json\/wp\/v2\/media?parent=10516"}],"wp:term":[{"taxonomy":"product_brand","embeddable":true,"href":"https:\/\/lavendersranch.com\/de\/wp-json\/wp\/v2\/product_brand?post=10516"},{"taxonomy":"product_cat","embeddable":true,"href":"https:\/\/lavendersranch.com\/de\/wp-json\/wp\/v2\/product_cat?post=10516"},{"taxonomy":"product_tag","embeddable":true,"href":"https:\/\/lavendersranch.com\/de\/wp-json\/wp\/v2\/product_tag?post=10516"}],"curies":[{"name":"wp","href":"https:\/\/api.w.org\/{rel}","templated":true}]}}